{"id":53,"date":"2026-04-11T01:57:53","date_gmt":"2026-04-10T17:57:53","guid":{"rendered":"https:\/\/aaaaking.com\/?post_type=product&#038;p=53"},"modified":"2026-04-11T01:57:53","modified_gmt":"2026-04-10T17:57:53","slug":"copo-termico-cuia-360ml-inox-com-tampa-acrilica-cor-unica","status":"publish","type":"product","link":"https:\/\/aaaaking.com\/index.php\/product\/copo-termico-cuia-360ml-inox-com-tampa-acrilica-cor-unica\/","title":{"rendered":"Copo T\u00e9rmico Cuia 360ML Inox Com Tampa Acr\u00edlica (Cor \u00danica)"},"content":{"rendered":"<p><img fetchpriority=\"high\" decoding=\"async\" class=\"aligncenter wp-image-54\" src=\"https:\/\/aaaaking.com\/wp-content\/uploads\/2026\/04\/remove.photos-removed-background-2026-04-08T171620.959-300x300.png\" alt=\"\" width=\"800\" height=\"800\" srcset=\"https:\/\/aaaaking.com\/wp-content\/uploads\/2026\/04\/remove.photos-removed-background-2026-04-08T171620.959-300x300.png 300w, https:\/\/aaaaking.com\/wp-content\/uploads\/2026\/04\/remove.photos-removed-background-2026-04-08T171620.959-1024x1024.png 1024w, https:\/\/aaaaking.com\/wp-content\/uploads\/2026\/04\/remove.photos-removed-background-2026-04-08T171620.959-150x150.png 150w, https:\/\/aaaaking.com\/wp-content\/uploads\/2026\/04\/remove.photos-removed-background-2026-04-08T171620.959-768x768.png 768w, https:\/\/aaaaking.com\/wp-content\/uploads\/2026\/04\/remove.photos-removed-background-2026-04-08T171620.959-1536x1536.png 1536w, https:\/\/aaaaking.com\/wp-content\/uploads\/2026\/04\/remove.photos-removed-background-2026-04-08T171620.959-600x600.png 600w, https:\/\/aaaaking.com\/wp-content\/uploads\/2026\/04\/remove.photos-removed-background-2026-04-08T171620.959-100x100.png 100w, https:\/\/aaaaking.com\/wp-content\/uploads\/2026\/04\/remove.photos-removed-background-2026-04-08T171620.959.png 2000w\" sizes=\"(max-width: 800px) 100vw, 800px\" \/><\/p>\n","protected":false},"excerpt":{"rendered":"<p><strong>CAIXA FECHADA COM 100 UNIDADES<\/strong><\/p>\n","protected":false},"featured_media":54,"comment_status":"open","ping_status":"closed","template":"","meta":[],"product_brand":[],"product_cat":[20],"product_tag":[],"class_list":{"0":"post-53","1":"product","2":"type-product","3":"status-publish","4":"has-post-thumbnail","6":"product_cat-copos","8":"first","9":"instock","10":"sale","11":"taxable","12":"shipping-taxable","13":"purchasable","14":"product-type-simple"},"_links":{"self":[{"href":"https:\/\/aaaaking.com\/index.php\/wp-json\/wp\/v2\/product\/53","targetHints":{"allow":["GET"]}}],"collection":[{"href":"https:\/\/aaaaking.com\/index.php\/wp-json\/wp\/v2\/product"}],"about":[{"href":"https:\/\/aaaaking.com\/index.php\/wp-json\/wp\/v2\/types\/product"}],"replies":[{"embeddable":true,"href":"https:\/\/aaaaking.com\/index.php\/wp-json\/wp\/v2\/comments?post=53"}],"wp:featuredmedia":[{"embeddable":true,"href":"https:\/\/aaaaking.com\/index.php\/wp-json\/wp\/v2\/media\/54"}],"wp:attachment":[{"href":"https:\/\/aaaaking.com\/index.php\/wp-json\/wp\/v2\/media?parent=53"}],"wp:term":[{"taxonomy":"product_brand","embeddable":true,"href":"https:\/\/aaaaking.com\/index.php\/wp-json\/wp\/v2\/product_brand?post=53"},{"taxonomy":"product_cat","embeddable":true,"href":"https:\/\/aaaaking.com\/index.php\/wp-json\/wp\/v2\/product_cat?post=53"},{"taxonomy":"product_tag","embeddable":true,"href":"https:\/\/aaaaking.com\/index.php\/wp-json\/wp\/v2\/product_tag?post=53"}],"curies":[{"name":"wp","href":"https:\/\/api.w.org\/{rel}","templated":true}]}}