{"id":8,"date":"2026-04-10T08:47:01","date_gmt":"2026-04-10T00:47:01","guid":{"rendered":"https:\/\/aaaaking.com\/index.php\/cart\/"},"modified":"2026-04-10T08:50:36","modified_gmt":"2026-04-10T00:50:36","slug":"cart","status":"publish","type":"page","link":"https:\/\/aaaaking.com\/index.php\/cart\/","title":{"rendered":"\u8d2d\u7269\u8f66"},"content":{"rendered":"\n<div data-block-name=\"woocommerce\/cart\" class=\"wp-block-woocommerce-cart alignwide is-loading\">\n<div data-block-name=\"woocommerce\/filled-cart-block\" class=\"wp-block-woocommerce-filled-cart-block\">\n<div data-block-name=\"woocommerce\/cart-items-block\" class=\"wp-block-woocommerce-cart-items-block\">\n<div data-block-name=\"woocommerce\/cart-line-items-block\" class=\"wp-block-woocommerce-cart-line-items-block\"><\/div>\n\n\n<\/div>\n\n\n\n\n<div data-block-name=\"woocommerce\/cart-totals-block\" class=\"wp-block-woocommerce-cart-totals-block\">\n<div data-block-name=\"woocommerce\/cart-order-summary-block\" class=\"wp-block-woocommerce-cart-order-summary-block\">\n<div data-block-name=\"woocommerce\/cart-order-summary-heading-block\" class=\"wp-block-woocommerce-cart-order-summary-heading-block\"><\/div><div data-block-name=\"woocommerce\/cart-order-summary-coupon-form-block\" class=\"wp-block-woocommerce-cart-order-summary-coupon-form-block\"><\/div><div data-block-name=\"woocommerce\/cart-order-summary-totals-block\" class=\"wp-block-woocommerce-cart-order-summary-totals-block\">\n<div data-block-name=\"woocommerce\/cart-order-summary-subtotal-block\" class=\"wp-block-woocommerce-cart-order-summary-subtotal-block\"><\/div>\n<div data-block-name=\"woocommerce\/cart-order-summary-discount-block\" class=\"wp-block-woocommerce-cart-order-summary-discount-block\"><\/div>\n<div data-block-name=\"woocommerce\/cart-order-summary-fee-block\" class=\"wp-block-woocommerce-cart-order-summary-fee-block\"><\/div>\n<div data-block-name=\"woocommerce\/cart-order-summary-shipping-block\" class=\"wp-block-woocommerce-cart-order-summary-shipping-block\"><\/div>\n<div data-block-name=\"woocommerce\/cart-order-summary-taxes-block\" class=\"wp-block-woocommerce-cart-order-summary-taxes-block\"><\/div><\/div>\n<\/div>\n\n\n\n<div data-block-name=\"woocommerce\/cart-express-payment-block\" class=\"wp-block-woocommerce-cart-express-payment-block\"><\/div>\n\n\n\n<div data-block-name=\"woocommerce\/proceed-to-checkout-block\" class=\"wp-block-woocommerce-proceed-to-checkout-block\"><\/div>\n\n\n\n<div data-block-name=\"woocommerce\/cart-accepted-payment-methods-block\" class=\"wp-block-woocommerce-cart-accepted-payment-methods-block\"><\/div>\n<\/div>\n<\/div>\n\n\n\n<div data-block-name=\"woocommerce\/empty-cart-block\" class=\"wp-block-woocommerce-empty-cart-block\">\n<h2 class=\"wp-block-heading has-text-align-center with-empty-cart-icon wc-block-cart__empty-cart__title\">\u60a8\u7684\u8d2d\u7269\u8f66\u76ee\u524d\u662f\u7a7a\u7684\uff01<\/h2>\n\n\n\n<hr class=\"wp-block-separator has-alpha-channel-opacity is-style-dots\"\/>\n\n\n\n<h2 class=\"wp-block-heading has-text-align-center\">\u5546\u5e97\u65b0\u54c1<\/h2>\n\n\n<div data-block-name=\"woocommerce\/product-new\" data-columns=\"4\" data-rows=\"1\" class=\"wc-block-grid wp-block-product-new wp-block-woocommerce-product-new wc-block-product-new has-4-columns\"><ul class=\"wc-block-grid__products\"><li class=\"wc-block-grid__product\">\n\t\t\t\t<a href=\"https:\/\/aaaaking.com\/index.php\/product\/garrafa-termica-inox-de-800ml-cor-unica\/\" class=\"wc-block-grid__product-link\">\n\t\t\t\t\t<div class=\"wc-block-grid__product-onsale\">\n\t\t\t<span aria-hidden=\"true\">Oferta<\/span>\n\t\t\t<span class=\"screen-reader-text\">Produto em promo\u00e7\u00e3o<\/span>\n\t\t<\/div>\n\t\t\t\t\t<div class=\"wc-block-grid__product-image\"><img fetchpriority=\"high\" decoding=\"async\" width=\"300\" height=\"300\" src=\"https:\/\/aaaaking.com\/wp-content\/uploads\/2026\/04\/remove-photos-background-removed-4-300x300.png\" class=\"attachment-woocommerce_thumbnail size-woocommerce_thumbnail\" alt=\"Garrafa T\u00e9rmica Inox de 800ml (Cor \u00danica)\" srcset=\"https:\/\/aaaaking.com\/wp-content\/uploads\/2026\/04\/remove-photos-background-removed-4-300x300.png 300w, https:\/\/aaaaking.com\/wp-content\/uploads\/2026\/04\/remove-photos-background-removed-4-150x150.png 150w, https:\/\/aaaaking.com\/wp-content\/uploads\/2026\/04\/remove-photos-background-removed-4-768x768.png 768w, https:\/\/aaaaking.com\/wp-content\/uploads\/2026\/04\/remove-photos-background-removed-4-600x600.png 600w, https:\/\/aaaaking.com\/wp-content\/uploads\/2026\/04\/remove-photos-background-removed-4-100x100.png 100w, https:\/\/aaaaking.com\/wp-content\/uploads\/2026\/04\/remove-photos-background-removed-4.png 1024w\" sizes=\"(max-width: 300px) 100vw, 300px\" \/><\/div>\n\t\t\t\t\t<div class=\"wc-block-grid__product-title\">Garrafa T\u00e9rmica Inox de 800ml (Cor \u00danica)<\/div>\n\t\t\t\t<\/a>\n\t\t\t\t<div class=\"wc-block-grid__product-price price\"><del aria-hidden=\"true\"><span class=\"woocommerce-Price-amount amount\"><span class=\"woocommerce-Price-currencySymbol\">&#082;&#036;<\/span>&nbsp;35,00<\/span><\/del> <span class=\"screen-reader-text\">O pre\u00e7o original era: &#082;&#036;&nbsp;35,00.<\/span><ins aria-hidden=\"true\"><span class=\"woocommerce-Price-amount amount\"><span class=\"woocommerce-Price-currencySymbol\">&#082;&#036;<\/span>&nbsp;20,00<\/span><\/ins><span class=\"screen-reader-text\">O pre\u00e7o atual \u00e9: &#082;&#036;&nbsp;20,00.<\/span><\/div>\n\t\t\t\t\n\t\t\t\t<div class=\"wp-block-button wc-block-grid__product-add-to-cart\"><a href=\"\/index.php\/wp-json\/wp\/v2\/pages\/8?add-to-cart=87\" aria-label=\"Adicione ao carrinho: &ldquo;Garrafa T\u00e9rmica Inox de 800ml (Cor \u00danica)&rdquo;\" data-quantity=\"1\" data-product_id=\"87\" data-product_sku=\"\" data-price=\"20\" rel=\"nofollow\" class=\"wp-block-button__link  add_to_cart_button ajax_add_to_cart\">Adicionar ao carrinho<\/a><\/div>\n\t\t\t<\/li><li class=\"wc-block-grid__product\">\n\t\t\t\t<a href=\"https:\/\/aaaaking.com\/index.php\/product\/copo-termico-cuia-360ml-inox-com-tampa-acrilica-cor-unica\/\" class=\"wc-block-grid__product-link\">\n\t\t\t\t\t<div class=\"wc-block-grid__product-onsale\">\n\t\t\t<span aria-hidden=\"true\">Oferta<\/span>\n\t\t\t<span class=\"screen-reader-text\">Produto em promo\u00e7\u00e3o<\/span>\n\t\t<\/div>\n\t\t\t\t\t<div class=\"wc-block-grid__product-image\"><img decoding=\"async\" width=\"300\" height=\"300\" src=\"https:\/\/aaaaking.com\/wp-content\/uploads\/2026\/04\/remove.photos-removed-background-2026-04-08T171620.959-300x300.png\" class=\"attachment-woocommerce_thumbnail size-woocommerce_thumbnail\" alt=\"Copo T\u00e9rmico Cuia 360ML Inox Com Tampa Acr\u00edlica (Cor \u00danica)\" srcset=\"https:\/\/aaaaking.com\/wp-content\/uploads\/2026\/04\/remove.photos-removed-background-2026-04-08T171620.959-300x300.png 300w, https:\/\/aaaaking.com\/wp-content\/uploads\/2026\/04\/remove.photos-removed-background-2026-04-08T171620.959-1024x1024.png 1024w, https:\/\/aaaaking.com\/wp-content\/uploads\/2026\/04\/remove.photos-removed-background-2026-04-08T171620.959-150x150.png 150w, https:\/\/aaaaking.com\/wp-content\/uploads\/2026\/04\/remove.photos-removed-background-2026-04-08T171620.959-768x768.png 768w, https:\/\/aaaaking.com\/wp-content\/uploads\/2026\/04\/remove.photos-removed-background-2026-04-08T171620.959-1536x1536.png 1536w, https:\/\/aaaaking.com\/wp-content\/uploads\/2026\/04\/remove.photos-removed-background-2026-04-08T171620.959-600x600.png 600w, https:\/\/aaaaking.com\/wp-content\/uploads\/2026\/04\/remove.photos-removed-background-2026-04-08T171620.959-100x100.png 100w, https:\/\/aaaaking.com\/wp-content\/uploads\/2026\/04\/remove.photos-removed-background-2026-04-08T171620.959.png 2000w\" sizes=\"(max-width: 300px) 100vw, 300px\" \/><\/div>\n\t\t\t\t\t<div class=\"wc-block-grid__product-title\">Copo T\u00e9rmico Cuia 360ML Inox Com Tampa Acr\u00edlica (Cor \u00danica)<\/div>\n\t\t\t\t<\/a>\n\t\t\t\t<div class=\"wc-block-grid__product-price price\"><del aria-hidden=\"true\"><span class=\"woocommerce-Price-amount amount\"><span class=\"woocommerce-Price-currencySymbol\">&#082;&#036;<\/span>&nbsp;15,00<\/span><\/del> <span class=\"screen-reader-text\">O pre\u00e7o original era: &#082;&#036;&nbsp;15,00.<\/span><ins aria-hidden=\"true\"><span class=\"woocommerce-Price-amount amount\"><span class=\"woocommerce-Price-currencySymbol\">&#082;&#036;<\/span>&nbsp;11,00<\/span><\/ins><span class=\"screen-reader-text\">O pre\u00e7o atual \u00e9: &#082;&#036;&nbsp;11,00.<\/span><\/div>\n\t\t\t\t\n\t\t\t\t<div class=\"wp-block-button wc-block-grid__product-add-to-cart\"><a href=\"\/index.php\/wp-json\/wp\/v2\/pages\/8?add-to-cart=53\" aria-label=\"Adicione ao carrinho: &ldquo;Copo T\u00e9rmico Cuia 360ML Inox Com Tampa Acr\u00edlica (Cor \u00danica)&rdquo;\" data-quantity=\"1\" data-product_id=\"53\" data-product_sku=\"\" data-price=\"11\" rel=\"nofollow\" class=\"wp-block-button__link  add_to_cart_button ajax_add_to_cart\">Adicionar ao carrinho<\/a><\/div>\n\t\t\t<\/li><\/ul><\/div><\/div>\n<\/div>\n","protected":false},"excerpt":{"rendered":"","protected":false},"author":1,"featured_media":0,"parent":0,"menu_order":0,"comment_status":"closed","ping_status":"closed","template":"","meta":{"footnotes":""},"class_list":["post-8","page","type-page","status-publish","hentry"],"_links":{"self":[{"href":"https:\/\/aaaaking.com\/index.php\/wp-json\/wp\/v2\/pages\/8","targetHints":{"allow":["GET"]}}],"collection":[{"href":"https:\/\/aaaaking.com\/index.php\/wp-json\/wp\/v2\/pages"}],"about":[{"href":"https:\/\/aaaaking.com\/index.php\/wp-json\/wp\/v2\/types\/page"}],"author":[{"embeddable":true,"href":"https:\/\/aaaaking.com\/index.php\/wp-json\/wp\/v2\/users\/1"}],"replies":[{"embeddable":true,"href":"https:\/\/aaaaking.com\/index.php\/wp-json\/wp\/v2\/comments?post=8"}],"version-history":[{"count":1,"href":"https:\/\/aaaaking.com\/index.php\/wp-json\/wp\/v2\/pages\/8\/revisions"}],"predecessor-version":[{"id":12,"href":"https:\/\/aaaaking.com\/index.php\/wp-json\/wp\/v2\/pages\/8\/revisions\/12"}],"wp:attachment":[{"href":"https:\/\/aaaaking.com\/index.php\/wp-json\/wp\/v2\/media?parent=8"}],"curies":[{"name":"wp","href":"https:\/\/api.w.org\/{rel}","templated":true}]}}